{"id":21,"date":"2023-06-08T07:40:01","date_gmt":"2023-06-08T07:40:01","guid":{"rendered":"https:\/\/kismarja.hu\/?page_id=21"},"modified":"2026-02-02T19:34:06","modified_gmt":"2026-02-02T18:34:06","slug":"kapcsolat","status":"publish","type":"page","link":"https:\/\/kismarja.hu\/?page_id=21","title":{"rendered":"Kapcsolat"},"content":{"rendered":"\t\t<div data-elementor-type=\"wp-page\" data-elementor-id=\"21\" class=\"elementor elementor-21\">\n\t\t\t\t\t\t<section class=\"elementor-section elementor-top-section elementor-element elementor-element-7da5059 elementor-section-boxed elementor-section-height-default elementor-section-height-default\" data-id=\"7da5059\" data-element_type=\"section\" data-e-type=\"section\">\n\t\t\t\t\t\t<div class=\"elementor-container elementor-column-gap-default\">\n\t\t\t\t\t<div class=\"elementor-column elementor-col-50 elementor-top-column elementor-element elementor-element-f594441\" data-id=\"f594441\" data-element_type=\"column\" data-e-type=\"column\">\n\t\t\t<div class=\"elementor-widget-wrap elementor-element-populated\">\n\t\t\t\t\t\t<div class=\"elementor-element elementor-element-f1ef5a6 elementor-widget elementor-widget-gimont_elementor_heading\" data-id=\"f1ef5a6\" data-element_type=\"widget\" data-e-type=\"widget\" data-widget_type=\"gimont_elementor_heading.default\">\n\t\t\t\t<div class=\"elementor-widget-container\">\n\t\t\t\t\t\n\t\t\t<div class=\"ova-heading template_1\">\n\t\t\t\t\t\t\t\t\t\t\t\t\t\t\t<span class=\"line\"><\/span>\n\t\t\t\t\t\t\t\t\t\t<span class=\"subtitle\">KAPCSOLAT \/ EL\u00c9RHET\u0150S\u00c9GEK<\/span>\n\t\t\t\t\t\t\t\t\t\t\t\t\t\n\t\t\t\t\t\t\t\t\t\t\t\t\t\t\t<h2 class=\"title\">KISMARJA K\u00d6ZS\u00c9G \u00d6NKORM\u00c1NYZATA<\/h2>\n\t\t\t\t\t\t\t\t\t\t\n\t\t\t\t\t\t\t\t\n\t\t\t\t\n\t\t\t<\/div>\n\n\t\t\t\t\t\t<\/div>\n\t\t\t\t<\/div>\n\t\t\t\t\t<\/div>\n\t\t<\/div>\n\t\t\t\t<div class=\"elementor-column elementor-col-50 elementor-top-column elementor-element elementor-element-d012f81\" data-id=\"d012f81\" data-element_type=\"column\" data-e-type=\"column\">\n\t\t\t<div class=\"elementor-widget-wrap elementor-element-populated\">\n\t\t\t\t\t\t<div class=\"elementor-element elementor-element-a9f97fe elementor-widget elementor-widget-text-editor\" data-id=\"a9f97fe\" data-element_type=\"widget\" data-e-type=\"widget\" data-widget_type=\"text-editor.default\">\n\t\t\t\t\t\t\t\t\t<p>Kismarja Hajd\u00fa-Bihar megye keleti cs\u00fccsk\u00e9ben, a magyar-rom\u00e1n hat\u00e1r ment\u00e9n Debrecent\u0151l 36 km-re, Beretty\u00f3\u00fajfalut\u00f3l 33 km-re, Biharkeresztest\u0151l 20 km-re helyezkedik el. F\u00e9lrees\u0151 tipikus szigettelep\u00fcl\u00e9s. A falu, a szil\u00e1gys\u00e1gi dombok k\u00f6z\u00fcl kil\u00e9p\u0151, majd sz\u00e1mtalan \u00e1gra boml\u00f3, itt-ott mocs\u00e1rr\u00e1 sz\u00e9lesed\u0151 Beretty\u00f3 foly\u00f3, egy nem t\u00fals\u00e1gosan nagy sziget\u00e9n alakult ki.<\/p>\t\t\t\t\t\t\t\t<\/div>\n\t\t\t\t\t<\/div>\n\t\t<\/div>\n\t\t\t\t\t<\/div>\n\t\t<\/section>\n\t\t\t\t<section class=\"elementor-section elementor-top-section elementor-element elementor-element-7d17241 elementor-section-boxed elementor-section-height-default elementor-section-height-default\" data-id=\"7d17241\" data-element_type=\"section\" data-e-type=\"section\">\n\t\t\t\t\t\t<div class=\"elementor-container elementor-column-gap-default\">\n\t\t\t\t\t<div class=\"elementor-column elementor-col-33 elementor-top-column elementor-element elementor-element-1462951\" data-id=\"1462951\" data-element_type=\"column\" data-e-type=\"column\">\n\t\t\t<div class=\"elementor-widget-wrap elementor-element-populated\">\n\t\t\t\t\t\t<div class=\"elementor-element elementor-element-01a58e2 elementor-widget elementor-widget-gimont_elementor_contact_info\" data-id=\"01a58e2\" data-element_type=\"widget\" data-e-type=\"widget\" data-widget_type=\"gimont_elementor_contact_info.default\">\n\t\t\t\t<div class=\"elementor-widget-container\">\n\t\t\t\t\t\n\t\t<div class=\"ova-contact-info template_1\">\n\n\t\t\t\n\t\t\t\t\t\t\t\n\t\t\t\t<div class=\"item\">\n\n\t\t\t\t\t<div class=\"icon\">\n\t\t\t\t\t\t<i aria-hidden=\"true\" class=\"gimonticon gimonticon-phone-call\"><\/i>\t\t\t\t\t<\/div>\n\n\t\t\t\t\t<div class=\"info\">\n\t\t\t\t\t\t<span class=\"label\">K\u00e9rd\u00e9se van?<\/span>\n\n\t\t\t\t\t\t<h3 class=\"text\">\n\t\t\t\t\t\t\t\t\t\t\t\t\t\t\t<a href=\"tel:Tel+36%2054\/%20419%20021\"\n\t\t\t\t\t\t\t\t\ttitle=\"phone\"\n\t\t\t\t\t\t\t\t\ttarget=\"_blank\" >\n\t\t\t\t\t\t\t\t\t+36 54\/ 419 021\t\t\t\t\t\t\t\t<\/a>\n\t\t\t\t\t\t\t\t\t\t\t\t\t<\/h3>\n\t\t\t\t\t\t\n\t\t\t\t\t<\/div>\n\n\t\t\t\t<\/div>\n\n\t\t\t\t\t\t\t\n\t\t\t\t<div class=\"item\">\n\n\t\t\t\t\t<div class=\"icon\">\n\t\t\t\t\t\t<i aria-hidden=\"true\" class=\"ovaicon ovaicon-email\"><\/i>\t\t\t\t\t<\/div>\n\n\t\t\t\t\t<div class=\"info\">\n\t\t\t\t\t\t<span class=\"label\">\u00cdrjon E-mailt<\/span>\n\n\t\t\t\t\t\t<h3 class=\"text\">\n\t\t\t\t\t\t\t\t\t\t\t\t\t\t\t<a href=\"mailto:mailto:%20hivatal@kismarja.hu\"\n\t\t\t\t\t\t\t\t\ttitle=\"email\"\n\t\t\t\t\t\t\t\t\ttarget=\"_blank\" >\n\t\t\t\t\t\t\t\t\t hivatal@kismarja.hu\t\t\t\t\t\t\t\t<\/a>\n\t\t\t\t\t\t\t\t\t\t\t\t\t<\/h3>\n\t\t\t\t\t\t\n\t\t\t\t\t<\/div>\n\n\t\t\t\t<\/div>\n\n\t\t\t\t\t\t\t\n\t\t\t\t<div class=\"item\">\n\n\t\t\t\t\t<div class=\"icon\">\n\t\t\t\t\t\t<i aria-hidden=\"true\" class=\"gimonticon gimonticon-location\"><\/i>\t\t\t\t\t<\/div>\n\n\t\t\t\t\t<div class=\"info\">\n\t\t\t\t\t\t<span class=\"label\">Keressen minket szem\u00e9lyesen<\/span>\n\n\t\t\t\t\t\t<h3 class=\"text\">\n\t\t\t\t\t\t\t\t\t\t\t\t\t\t\t<a href=\"https:\/\/share.google\/txeZLLralamffwmdP\"\n\t\t\t\t\t\t\t\t\ttitle=\"4126 Kismarja, Bocskai u. 20.\"\n\t\t\t\t\t\t\t\t\ttarget=\"_blank\" >\n\t\t\t\t\t\t\t\t\t4126 Kismarja, Bocskai u. 20.\t\t\t\t\t\t\t\t<\/a>\n\t\t\t\t\t\t\t\t\t\t\t\t\t<\/h3>\n\t\t\t\t\t\t\n\t\t\t\t\t<\/div>\n\n\t\t\t\t<\/div>\n\n\t\t\t\n\t\t<\/div>\n\n\t\t\t\t\t\t<\/div>\n\t\t\t\t<\/div>\n\t\t\t\t\t<\/div>\n\t\t<\/div>\n\t\t\t\t<div class=\"elementor-column elementor-col-66 elementor-top-column elementor-element elementor-element-a10971d\" data-id=\"a10971d\" data-element_type=\"column\" data-e-type=\"column\">\n\t\t\t<div class=\"elementor-widget-wrap elementor-element-populated\">\n\t\t\t\t\t\t<div class=\"elementor-element elementor-element-9bc674e elementor-widget elementor-widget-shortcode\" data-id=\"9bc674e\" data-element_type=\"widget\" data-e-type=\"widget\" data-widget_type=\"shortcode.default\">\n\t\t\t\t\t\t\t<div class=\"elementor-shortcode\">\n<div class=\"wpcf7 no-js\" id=\"wpcf7-f6-o1\" lang=\"hu-HU\" dir=\"ltr\" data-wpcf7-id=\"6\">\n<div class=\"screen-reader-response\"><p role=\"status\" aria-live=\"polite\" aria-atomic=\"true\"><\/p> <ul><\/ul><\/div>\n<form action=\"\/index.php?rest_route=%2Fwp%2Fv2%2Fpages%2F21#wpcf7-f6-o1\" method=\"post\" class=\"wpcf7-form init\" aria-label=\"Kapcsolatfelv\u00e9teli \u0171rlap\" novalidate=\"novalidate\" data-status=\"init\">\n<fieldset class=\"hidden-fields-container\"><input type=\"hidden\" name=\"_wpcf7\" value=\"6\" \/><input type=\"hidden\" name=\"_wpcf7_version\" value=\"6.1.4\" \/><input type=\"hidden\" name=\"_wpcf7_locale\" value=\"hu_HU\" \/><input type=\"hidden\" name=\"_wpcf7_unit_tag\" value=\"wpcf7-f6-o1\" \/><input type=\"hidden\" name=\"_wpcf7_container_post\" value=\"0\" \/><input type=\"hidden\" name=\"_wpcf7_posted_data_hash\" value=\"\" \/>\n<\/fieldset>\n<p><label> Your name<br \/>\n<span class=\"wpcf7-form-control-wrap\" data-name=\"your-name\"><input size=\"40\" maxlength=\"400\" class=\"wpcf7-form-control wpcf7-text wpcf7-validates-as-required\" autocomplete=\"name\" aria-required=\"true\" aria-invalid=\"false\" value=\"\" type=\"text\" name=\"your-name\" \/><\/span> <\/label>\n<\/p>\n<p><label> Your email<br \/>\n<span class=\"wpcf7-form-control-wrap\" data-name=\"your-email\"><input size=\"40\" maxlength=\"400\" class=\"wpcf7-form-control wpcf7-email wpcf7-validates-as-required wpcf7-text wpcf7-validates-as-email\" autocomplete=\"email\" aria-required=\"true\" aria-invalid=\"false\" value=\"\" type=\"email\" name=\"your-email\" \/><\/span> <\/label>\n<\/p>\n<p><label> Subject<br \/>\n<span class=\"wpcf7-form-control-wrap\" data-name=\"your-subject\"><input size=\"40\" maxlength=\"400\" class=\"wpcf7-form-control wpcf7-text wpcf7-validates-as-required\" aria-required=\"true\" aria-invalid=\"false\" value=\"\" type=\"text\" name=\"your-subject\" \/><\/span> <\/label>\n<\/p>\n<p><label> Your message (optional)<br \/>\n<span class=\"wpcf7-form-control-wrap\" data-name=\"your-message\"><textarea cols=\"40\" rows=\"10\" maxlength=\"2000\" class=\"wpcf7-form-control wpcf7-textarea\" aria-invalid=\"false\" name=\"your-message\"><\/textarea><\/span> <\/label>\n<\/p>\n<p><input class=\"wpcf7-form-control wpcf7-submit has-spinner\" type=\"submit\" value=\"Submit\" \/>\n<\/p><div class=\"wpcf7-response-output\" aria-hidden=\"true\"><\/div>\n<\/form>\n<\/div>\n<\/div>\n\t\t\t\t\t\t<\/div>\n\t\t\t\t\t<\/div>\n\t\t<\/div>\n\t\t\t\t\t<\/div>\n\t\t<\/section>\n\t\t\t\t<section class=\"elementor-section elementor-top-section elementor-element elementor-element-4c3e25a elementor-section-full_width elementor-section-height-default elementor-section-height-default\" data-id=\"4c3e25a\" data-element_type=\"section\" data-e-type=\"section\">\n\t\t\t\t\t\t<div class=\"elementor-container elementor-column-gap-no\">\n\t\t\t\t\t<div class=\"elementor-column elementor-col-100 elementor-top-column elementor-element elementor-element-2eef69e\" data-id=\"2eef69e\" data-element_type=\"column\" data-e-type=\"column\">\n\t\t\t<div class=\"elementor-widget-wrap elementor-element-populated\">\n\t\t\t\t\t\t<div class=\"elementor-element elementor-element-885fdac elementor-widget elementor-widget-google_maps\" data-id=\"885fdac\" data-element_type=\"widget\" data-e-type=\"widget\" data-widget_type=\"google_maps.default\">\n\t\t\t\t\t\t\t<div class=\"elementor-custom-embed\">\n\t\t\t<iframe loading=\"lazy\"\n\t\t\t\t\tsrc=\"https:\/\/maps.google.com\/maps?q=Kismarja&#038;t=m&#038;z=12&#038;output=embed&#038;iwloc=near\"\n\t\t\t\t\ttitle=\"Kismarja\"\n\t\t\t\t\taria-label=\"Kismarja\"\n\t\t\t><\/iframe>\n\t\t<\/div>\n\t\t\t\t\t\t<\/div>\n\t\t\t\t\t<\/div>\n\t\t<\/div>\n\t\t\t\t\t<\/div>\n\t\t<\/section>\n\t\t\t\t<\/div>\n\t\t","protected":false},"excerpt":{"rendered":"<p>KAPCSOLAT \/ EL\u00c9RHET\u0150S\u00c9GEK KISMARJA K\u00d6ZS\u00c9G \u00d6NKORM\u00c1NYZATA Kismarja Hajd\u00fa-Bihar megye keleti cs\u00fccsk\u00e9ben, a magyar-rom\u00e1n hat\u00e1r ment\u00e9n Debrecent\u0151l 36 km-re, Beretty\u00f3\u00fajfalut\u00f3l 33 km-re, Biharkeresztest\u0151l 20 km-re helyezkedik el. F\u00e9lrees\u0151 tipikus szigettelep\u00fcl\u00e9s. A falu, a szil\u00e1gys\u00e1gi dombok k\u00f6z\u00fcl kil\u00e9p\u0151, majd sz\u00e1mtalan \u00e1gra boml\u00f3, itt-ott mocs\u00e1rr\u00e1 sz\u00e9lesed\u0151 Beretty\u00f3 foly\u00f3, egy nem t\u00fals\u00e1gosan nagy sziget\u00e9n alakult ki. K\u00e9rd\u00e9se van? +36 [&hellip;]<\/p>\n","protected":false},"author":1,"featured_media":0,"parent":0,"menu_order":0,"comment_status":"closed","ping_status":"closed","template":"elementor_header_footer","meta":{"give_campaign_id":0,"footnotes":""},"class_list":["post-21","page","type-page","status-publish","hentry"],"campaignId":"","_links":{"self":[{"href":"https:\/\/kismarja.hu\/index.php?rest_route=\/wp\/v2\/pages\/21","targetHints":{"allow":["GET"]}}],"collection":[{"href":"https:\/\/kismarja.hu\/index.php?rest_route=\/wp\/v2\/pages"}],"about":[{"href":"https:\/\/kismarja.hu\/index.php?rest_route=\/wp\/v2\/types\/page"}],"author":[{"embeddable":true,"href":"https:\/\/kismarja.hu\/index.php?rest_route=\/wp\/v2\/users\/1"}],"replies":[{"embeddable":true,"href":"https:\/\/kismarja.hu\/index.php?rest_route=%2Fwp%2Fv2%2Fcomments&post=21"}],"version-history":[{"count":10,"href":"https:\/\/kismarja.hu\/index.php?rest_route=\/wp\/v2\/pages\/21\/revisions"}],"predecessor-version":[{"id":19277,"href":"https:\/\/kismarja.hu\/index.php?rest_route=\/wp\/v2\/pages\/21\/revisions\/19277"}],"wp:attachment":[{"href":"https:\/\/kismarja.hu\/index.php?rest_route=%2Fwp%2Fv2%2Fmedia&parent=21"}],"curies":[{"name":"wp","href":"https:\/\/api.w.org\/{rel}","templated":true}]}}