{"id":1361,"date":"2023-06-20T03:45:14","date_gmt":"2023-06-20T03:45:14","guid":{"rendered":"https:\/\/kismarja.hu\/?page_id=1361"},"modified":"2026-02-04T10:37:50","modified_gmt":"2026-02-04T09:37:50","slug":"galeria","status":"publish","type":"page","link":"https:\/\/kismarja.hu\/?page_id=1361","title":{"rendered":"Gal\u00e9ria"},"content":{"rendered":"\t\t<div data-elementor-type=\"wp-page\" data-elementor-id=\"1361\" class=\"elementor elementor-1361\">\n\t\t\t\t\t\t<section class=\"elementor-section elementor-top-section elementor-element elementor-element-384dc5d elementor-section-boxed elementor-section-height-default elementor-section-height-default\" data-id=\"384dc5d\" data-element_type=\"section\" data-e-type=\"section\">\n\t\t\t\t\t\t<div class=\"elementor-container elementor-column-gap-default\">\n\t\t\t\t\t<div class=\"elementor-column elementor-col-100 elementor-top-column elementor-element elementor-element-3e52e11\" data-id=\"3e52e11\" data-element_type=\"column\" data-e-type=\"column\">\n\t\t\t<div class=\"elementor-widget-wrap elementor-element-populated\">\n\t\t\t\t\t\t<div class=\"elementor-element elementor-element-fca6385 elementor-widget elementor-widget-ova_events\" data-id=\"fca6385\" data-element_type=\"widget\" data-e-type=\"widget\" data-widget_type=\"ova_events.default\">\n\t\t\t\t<div class=\"elementor-widget-container\">\n\t\t\t\t\t\n<div class=\"ovaev-event-element version_2\" >\n\n\t\n\t\n\n\t\n\t\t<div class=\"container-event\">\n\t\t\t<div id=\"main-event\" class=\"content-event\">\n\t\t\t\t<div class=\"archive_event col3 vertical\">\n\n\t\t\t\t\t\t\t\t\t\t\t\n<div class=\"ovaev-content\">\n\t<div class=\"type1\">\n\t\t<div class=\"desc\">\n\t\t\t\t<div class=\"event-thumbnail \">\t\n\n\t\t\t\t\t<a href=\"https:\/\/kismarja.hu\/?event=szureti-felvonulas-galeria\" aria-label=\"Event Thumbnail\">\n\t\t<img fetchpriority=\"high\" decoding=\"async\" width=\"600\" height=\"400\" src=\"https:\/\/kismarja.hu\/wp-content\/uploads\/2023\/06\/szureti12-600x400.jpg\" class=\"attachment-ovaev_event_thumbnail size-ovaev_event_thumbnail wp-post-image\" alt=\"\" srcset=\"https:\/\/kismarja.hu\/wp-content\/uploads\/2023\/06\/szureti12-600x400.jpg 600w, https:\/\/kismarja.hu\/wp-content\/uploads\/2023\/06\/szureti12-450x300.jpg 450w\" sizes=\"(max-width: 600px) 100vw, 600px\" \/>\t\t\t<\/a>\n\t\t\t<\/div>\n\n\t\t\t<div class=\"event_post\">\n\t\t\t\t\n<h2 class=\"second_font event_title\">\n\t    <a href=\"https:\/\/kismarja.hu\/?event=szureti-felvonulas-galeria\" title=\"Sz\u00fcreti felvonul\u00e1s GAL\u00c9RIA\">\n    Sz\u00fcreti felvonul\u00e1s GAL\u00c9RIA\n\t\t\t<\/a>\n\t<\/h2>\t\t\t<\/div>\n\t\t<\/div>\n\t<\/div>\n<\/div>\t\t\t\t\t\t\t\t\t\t\t\n<div class=\"ovaev-content\">\n\t<div class=\"type1\">\n\t\t<div class=\"desc\">\n\t\t\t\t<div class=\"event-thumbnail \">\t\n\n\t\t\t\t\t<a href=\"https:\/\/kismarja.hu\/?event=real-entrepreneurship-bootcamp-in-gimont\" aria-label=\"Event Thumbnail\">\n\t\t<img decoding=\"async\" width=\"600\" height=\"400\" src=\"https:\/\/kismarja.hu\/wp-content\/uploads\/2026\/02\/idoseknapja3-600x400.jpg\" class=\"attachment-ovaev_event_thumbnail size-ovaev_event_thumbnail wp-post-image\" alt=\"\" srcset=\"https:\/\/kismarja.hu\/wp-content\/uploads\/2026\/02\/idoseknapja3-600x400.jpg 600w, https:\/\/kismarja.hu\/wp-content\/uploads\/2026\/02\/idoseknapja3-450x300.jpg 450w\" sizes=\"(max-width: 600px) 100vw, 600px\" \/>\t\t\t<\/a>\n\t\t\t<\/div>\n\n\t\t\t<div class=\"event_post\">\n\t\t\t\t\n<h2 class=\"second_font event_title\">\n\t    <a href=\"https:\/\/kismarja.hu\/?event=real-entrepreneurship-bootcamp-in-gimont\" title=\"ID\u0150SEK NAPJA GAL\u00c9RIA\">\n    ID\u0150SEK NAPJA GAL\u00c9RIA\n\t\t\t<\/a>\n\t<\/h2>\t\t\t<\/div>\n\t\t<\/div>\n\t<\/div>\n<\/div>\t\t\t\t\t\t\t\t\t\t\t\n<div class=\"ovaev-content\">\n\t<div class=\"type1\">\n\t\t<div class=\"desc\">\n\t\t\t\t<div class=\"event-thumbnail \">\t\n\n\t\t\t\t\t<a href=\"https:\/\/kismarja.hu\/?event=the-upstairs-room-of-a-art-taminiau\" aria-label=\"Event Thumbnail\">\n\t\t<img decoding=\"async\" width=\"600\" height=\"400\" src=\"https:\/\/kismarja.hu\/wp-content\/uploads\/2023\/06\/90eves_3-600x400.jpg\" class=\"attachment-ovaev_event_thumbnail size-ovaev_event_thumbnail wp-post-image\" alt=\"\" srcset=\"https:\/\/kismarja.hu\/wp-content\/uploads\/2023\/06\/90eves_3-600x400.jpg 600w, https:\/\/kismarja.hu\/wp-content\/uploads\/2023\/06\/90eves_3-450x300.jpg 450w\" sizes=\"(max-width: 600px) 100vw, 600px\" \/>\t\t\t<\/a>\n\t\t\t<\/div>\n\n\t\t\t<div class=\"event_post\">\n\t\t\t\t\n<h2 class=\"second_font event_title\">\n\t    <a href=\"https:\/\/kismarja.hu\/?event=the-upstairs-room-of-a-art-taminiau\" title=\"90 \u00e9ves k\u00f6sz\u00f6nt\u0151 GAL\u00c9RIA\">\n    90 \u00e9ves k\u00f6sz\u00f6nt\u0151 GAL\u00c9RIA\n\t\t\t<\/a>\n\t<\/h2>\t\t\t<\/div>\n\t\t<\/div>\n\t<\/div>\n<\/div>\t\t\t\t\t\t\t\t\t\t\t\n<div class=\"ovaev-content\">\n\t<div class=\"type1\">\n\t\t<div class=\"desc\">\n\t\t\t\t<div class=\"event-thumbnail \">\t\n\n\t\t\t\t\t<a href=\"https:\/\/kismarja.hu\/?event=the-strategically-build-your-business\" aria-label=\"Event Thumbnail\">\n\t\t<img loading=\"lazy\" decoding=\"async\" width=\"600\" height=\"400\" src=\"https:\/\/kismarja.hu\/wp-content\/uploads\/2023\/06\/orvosirendelo_8-600x400.jpg\" class=\"attachment-ovaev_event_thumbnail size-ovaev_event_thumbnail wp-post-image\" alt=\"\" srcset=\"https:\/\/kismarja.hu\/wp-content\/uploads\/2023\/06\/orvosirendelo_8-600x400.jpg 600w, https:\/\/kismarja.hu\/wp-content\/uploads\/2023\/06\/orvosirendelo_8-450x300.jpg 450w\" sizes=\"(max-width: 600px) 100vw, 600px\" \/>\t\t\t<\/a>\n\t\t\t<\/div>\n\n\t\t\t<div class=\"event_post\">\n\t\t\t\t\n<h2 class=\"second_font event_title\">\n\t    <a href=\"https:\/\/kismarja.hu\/?event=the-strategically-build-your-business\" title=\"ORVOSI RENDEL\u0150 \u00c1TAD\u00c1SA 2019.10.09.\">\n    ORVOSI RENDEL\u0150 \u00c1TAD\u00c1SA 2019.10.09.\n\t\t\t<\/a>\n\t<\/h2>\t\t\t<\/div>\n\t\t<\/div>\n\t<\/div>\n<\/div>\t\t\t\t\t\t\t\t\t\t\t\n<div class=\"ovaev-content\">\n\t<div class=\"type1\">\n\t\t<div class=\"desc\">\n\t\t\t\t<div class=\"event-thumbnail \">\t\n\n\t\t\t\t\t<a href=\"https:\/\/kismarja.hu\/?event=city-innovation-and-technology-meeting\" aria-label=\"Event Thumbnail\">\n\t\t<img loading=\"lazy\" decoding=\"async\" width=\"600\" height=\"400\" src=\"https:\/\/kismarja.hu\/wp-content\/uploads\/2023\/06\/bocskainap_2-600x400.jpg\" class=\"attachment-ovaev_event_thumbnail size-ovaev_event_thumbnail wp-post-image\" alt=\"\" srcset=\"https:\/\/kismarja.hu\/wp-content\/uploads\/2023\/06\/bocskainap_2-600x400.jpg 600w, https:\/\/kismarja.hu\/wp-content\/uploads\/2023\/06\/bocskainap_2-450x300.jpg 450w\" sizes=\"(max-width: 600px) 100vw, 600px\" \/>\t\t\t<\/a>\n\t\t\t<\/div>\n\n\t\t\t<div class=\"event_post\">\n\t\t\t\t\n<h2 class=\"second_font event_title\">\n\t    <a href=\"https:\/\/kismarja.hu\/?event=city-innovation-and-technology-meeting\" title=\"BOCSKAI NAP 2019.09.22.\">\n    BOCSKAI NAP 2019.09.22.\n\t\t\t<\/a>\n\t<\/h2>\t\t\t<\/div>\n\t\t<\/div>\n\t<\/div>\n<\/div>\t\t\t\t\t\n\t\t\t\t<\/div>\n\t\t\t<\/div>\n\t\t<\/div>\n\n\t\n<\/div>\t\t\t\t<\/div>\n\t\t\t\t<\/div>\n\t\t\t\t\t<\/div>\n\t\t<\/div>\n\t\t\t\t\t<\/div>\n\t\t<\/section>\n\t\t\t\t<\/div>\n\t\t","protected":false},"excerpt":{"rendered":"<p>Sz\u00fcreti felvonul\u00e1s GAL\u00c9RIA ID\u0150SEK NAPJA GAL\u00c9RIA 90 \u00e9ves k\u00f6sz\u00f6nt\u0151 GAL\u00c9RIA ORVOSI RENDEL\u0150 \u00c1TAD\u00c1SA 2019.10.09. BOCSKAI NAP 2019.09.22.<\/p>\n","protected":false},"author":1,"featured_media":0,"parent":0,"menu_order":0,"comment_status":"closed","ping_status":"closed","template":"elementor_header_footer","meta":{"give_campaign_id":0,"footnotes":""},"class_list":["post-1361","page","type-page","status-publish","hentry"],"campaignId":"","_links":{"self":[{"href":"https:\/\/kismarja.hu\/index.php?rest_route=\/wp\/v2\/pages\/1361","targetHints":{"allow":["GET"]}}],"collection":[{"href":"https:\/\/kismarja.hu\/index.php?rest_route=\/wp\/v2\/pages"}],"about":[{"href":"https:\/\/kismarja.hu\/index.php?rest_route=\/wp\/v2\/types\/page"}],"author":[{"embeddable":true,"href":"https:\/\/kismarja.hu\/index.php?rest_route=\/wp\/v2\/users\/1"}],"replies":[{"embeddable":true,"href":"https:\/\/kismarja.hu\/index.php?rest_route=%2Fwp%2Fv2%2Fcomments&post=1361"}],"version-history":[{"count":4,"href":"https:\/\/kismarja.hu\/index.php?rest_route=\/wp\/v2\/pages\/1361\/revisions"}],"predecessor-version":[{"id":19510,"href":"https:\/\/kismarja.hu\/index.php?rest_route=\/wp\/v2\/pages\/1361\/revisions\/19510"}],"wp:attachment":[{"href":"https:\/\/kismarja.hu\/index.php?rest_route=%2Fwp%2Fv2%2Fmedia&parent=1361"}],"curies":[{"name":"wp","href":"https:\/\/api.w.org\/{rel}","templated":true}]}}